{"id":244,"date":"2020-06-19T13:57:59","date_gmt":"2020-06-19T11:57:59","guid":{"rendered":"http:\/\/skyttarna.se\/?page_id=244"},"modified":"2024-06-11T23:57:20","modified_gmt":"2024-06-11T21:57:20","slug":"medlemskap","status":"publish","type":"page","link":"http:\/\/www.skyttarna.se\/index.php\/medlemskap\/","title":{"rendered":"Medlemskap"},"content":{"rendered":"\n<p>F\u00f6r att bli medlem i Smedjebackens Skyttef\u00f6rening ans\u00f6ker du f\u00f6rst genom att fylla i formul\u00e4ret p\u00e5 <a href=\"http:\/\/skyttarna.se\/index.php\/kontakta-oss\/\">Kontakta Oss-<\/a>sidan. <\/p>\n\n\n\n<p>D\u00e4refter tar n\u00e5gon representant fr\u00e5n f\u00f6reningen kontakt med dig och st\u00e4ller lite fr\u00e5gor om dig och vilken typ av skytte du h\u00e5ller p\u00e5 med eller vill h\u00e5lla p\u00e5 med. Sedan tar vi i styrelsen en diskussion om ditt medlemskap, har vi ytterligare fr\u00e5gor kommer vi komplettera med dig, om vi v\u00e4ljer att avsl\u00e5 ditt medlemskap f\u00e5r du meddelande om det och varf\u00f6r, och blir du antagen kommer du anmodas betala in ditt medlemskap. Vid erh\u00e5llen betalning \u00e4r du medlem i f\u00f6reningen.<\/p>\n\n\n\n<p>Medlemskapet kostar f\u00f6r n\u00e4rvarande 300 kr det f\u00f6rsta \u00e5ret och d\u00e4refter 150 kr per \u00e5r. <\/p>\n\n\n\n<p>Som medlem i Smedjebackens Skyttef\u00f6rening blir du automatiskt ansluten till Svenska Skyttesportf\u00f6rbundet (SvSSF) som \u00e4r ett f\u00f6rbund inom Riksidrottsf\u00f6rbundet (RF).<\/p>\n\n\n\n<p>Ut\u00f6kade avgifter f\u00f6r enskilda grenar:<\/p>\n\n\n\n<ul class=\"wp-block-list\"><li>450 kr f\u00f6r anslutning till v\u00e5ran Westernskytte-sektion. Du beh\u00f6ver ocks\u00e5 vara medlem i f\u00f6rbundet, se <a href=\"https:\/\/swsf.se\/blimedlem.html\">Svenska Westernskyttef\u00f6rbundet (SWSf)<\/a><\/li><li>150 kr per \u00e5r f\u00f6r anslutning till v\u00e5ran Fritt Gev\u00e4rs-sektion.<\/li><li>Ska du syssla med svartkrutsskytte beh\u00f6ver du medlemskap i Svenska Svartkrutsskyttefederationen, se <a href=\"https:\/\/www.svenskalag.se\/sssf\/sida\/96541\/bli-medlem\">Svenska Svartkrutsskyttefederationen (SSSF)<\/a><\/li><\/ul>\n\n\n\n<p>Betalar g\u00f6r du till v\u00e5rat plusgiro 24694-2 och du anger medlemmens personnummer p\u00e5 inbetalningen. <\/p>\n\n\n\n<div class=\"wp-block-file\"><a id=\"wp-block-file--media-98999efc-223b-4bdd-a54c-84af8f3c2915\" href=\"\/wp-content\/uploads\/2018\/05\/SMESFSTADGAR20180505R1.pdf\">F\u00f6reningens Stadgar fr o m 20180505<\/a><a href=\"\/wp-content\/uploads\/2018\/05\/SMESFSTADGAR20180505R1.pdf\" class=\"wp-block-file__button\" download aria-describedby=\"wp-block-file--media-98999efc-223b-4bdd-a54c-84af8f3c2915\">Ladda ner<\/a><\/div>\n\n\n\n<p><\/p>\n","protected":false},"excerpt":{"rendered":"<p>F\u00f6r att bli medlem i Smedjebackens Skyttef\u00f6rening ans\u00f6ker du f\u00f6rst genom att fylla i formul\u00e4ret p\u00e5 Kontakta Oss-sidan. D\u00e4refter tar n\u00e5gon representant fr\u00e5n f\u00f6reningen kontakt med dig och st\u00e4ller lite fr\u00e5gor om dig och vilken typ av skytte du h\u00e5ller p\u00e5 med eller vill h\u00e5lla p\u00e5 med. Sedan tar vi i styrelsen en diskussion om &hellip; <\/p>\n<p class=\"link-more\"><a href=\"http:\/\/www.skyttarna.se\/index.php\/medlemskap\/\" class=\"more-link\">Forts\u00e4tt l\u00e4sa<span class=\"screen-reader-text\"> \u201dMedlemskap\u201d<\/span><\/a><\/p>\n","protected":false},"author":4,"featured_media":0,"parent":0,"menu_order":0,"comment_status":"closed","ping_status":"closed","template":"","meta":{"footnotes":""},"class_list":["post-244","page","type-page","status-publish","hentry"],"_links":{"self":[{"href":"http:\/\/www.skyttarna.se\/index.php\/wp-json\/wp\/v2\/pages\/244","targetHints":{"allow":["GET"]}}],"collection":[{"href":"http:\/\/www.skyttarna.se\/index.php\/wp-json\/wp\/v2\/pages"}],"about":[{"href":"http:\/\/www.skyttarna.se\/index.php\/wp-json\/wp\/v2\/types\/page"}],"author":[{"embeddable":true,"href":"http:\/\/www.skyttarna.se\/index.php\/wp-json\/wp\/v2\/users\/4"}],"replies":[{"embeddable":true,"href":"http:\/\/www.skyttarna.se\/index.php\/wp-json\/wp\/v2\/comments?post=244"}],"version-history":[{"count":3,"href":"http:\/\/www.skyttarna.se\/index.php\/wp-json\/wp\/v2\/pages\/244\/revisions"}],"predecessor-version":[{"id":368,"href":"http:\/\/www.skyttarna.se\/index.php\/wp-json\/wp\/v2\/pages\/244\/revisions\/368"}],"wp:attachment":[{"href":"http:\/\/www.skyttarna.se\/index.php\/wp-json\/wp\/v2\/media?parent=244"}],"curies":[{"name":"wp","href":"https:\/\/api.w.org\/{rel}","templated":true}]}}